{"id":909,"date":"2019-08-30T21:55:32","date_gmt":"2019-08-30T18:55:32","guid":{"rendered":"https:\/\/www.varkki.com\/?post_type=product&#038;p=909"},"modified":"2022-04-25T10:04:35","modified_gmt":"2022-04-25T07:04:35","slug":"seelik-london-tumesinine","status":"publish","type":"product","link":"https:\/\/varkki.com\/en\/toode\/seelik-london-tumesinine\/","title":{"rendered":"Seelik London \/ Tumesinine \/ Tellimusel"},"content":{"rendered":"<p>Seelik valmistatakse spetsiaalselt sulle ehk pane end valmis pikemaks ooteajaks (ca 10 p\u00e4eva).<\/p>\n<p>Koostis: Viskoos \/ Pol\u00fcester<\/p>\n<p>Hooldus: Keemiline puhastus<\/p>\n<p>Modell on 172cm pikk ja kannab suurust S\/M.<\/p>\n<p>&nbsp;<\/p>\n","protected":false},"excerpt":{"rendered":"<p>Eest n\u00f6\u00f6bitav A-l\u00f5ikeline midi pikkusega seelik.<\/p>\n","protected":false},"featured_media":572,"comment_status":"closed","ping_status":"closed","template":"","meta":{"_acf_changed":false},"product_cat":[21],"product_tag":[86,134,69,88,85,83,87,133,84],"class_list":{"0":"post-909","1":"product","2":"type-product","3":"status-publish","4":"has-post-thumbnail","6":"product_cat-seelikud","7":"product_tag-korge","8":"product_tag-korge-vookoht","9":"product_tag-midi","10":"product_tag-noobid","11":"product_tag-pikk","12":"product_tag-seelik","13":"product_tag-sinine","14":"product_tag-talje","15":"product_tag-villane","17":"first","18":"instock","19":"shipping-taxable","20":"purchasable","21":"product-type-variable"},"acf":[],"_links":{"self":[{"href":"https:\/\/varkki.com\/en\/wp-json\/wp\/v2\/product\/909"}],"collection":[{"href":"https:\/\/varkki.com\/en\/wp-json\/wp\/v2\/product"}],"about":[{"href":"https:\/\/varkki.com\/en\/wp-json\/wp\/v2\/types\/product"}],"replies":[{"embeddable":true,"href":"https:\/\/varkki.com\/en\/wp-json\/wp\/v2\/comments?post=909"}],"wp:featuredmedia":[{"embeddable":true,"href":"https:\/\/varkki.com\/en\/wp-json\/wp\/v2\/media\/572"}],"wp:attachment":[{"href":"https:\/\/varkki.com\/en\/wp-json\/wp\/v2\/media?parent=909"}],"wp:term":[{"taxonomy":"product_cat","embeddable":true,"href":"https:\/\/varkki.com\/en\/wp-json\/wp\/v2\/product_cat?post=909"},{"taxonomy":"product_tag","embeddable":true,"href":"https:\/\/varkki.com\/en\/wp-json\/wp\/v2\/product_tag?post=909"}],"curies":[{"name":"wp","href":"https:\/\/api.w.org\/{rel}","templated":true}]}}