{"id":870,"date":"2019-08-30T20:51:55","date_gmt":"2019-08-30T17:51:55","guid":{"rendered":"https:\/\/www.varkki.com\/?post_type=product&#038;p=870"},"modified":"2024-10-08T13:27:30","modified_gmt":"2024-10-08T10:27:30","slug":"korvarongad-kaheksa-kullatud-hobe","status":"publish","type":"product","link":"https:\/\/varkki.com\/en\/toode\/korvarongad-kaheksa-kullatud-hobe\/","title":{"rendered":"K\u00f5rvar\u00f5ngad Kaheksa \/ Kullatud h\u00f5be"},"content":{"rendered":"<p>Materjal: Kullatud h\u00f5be<\/p>\n<p>Kivid: Tsirkoonid<\/p>\n<p>K\u00f5rvar\u00f5ngad valmistatakse spetsiaalselt teile, seega palume teil arvestada, et tellimus saab valmis 10 p\u00e4eva jooksul.<\/p>\n<p>&nbsp;<\/p>\n<p>&nbsp;<\/p>\n","protected":false},"excerpt":{"rendered":"<p>Kaheksa &#8211; s\u00fcmboliseerides l\u00f5pmatust.<br \/>\nAjatu ilu.<\/p>\n<p>K\u00f5rvar\u00f5ngad, mis on loodud ehtedisainer Krista Lehari poolt spetsiaalselt VARKKI kollektsioonile.<\/p>\n","protected":false},"featured_media":871,"comment_status":"closed","ping_status":"closed","template":"","meta":{"_acf_changed":false},"product_cat":[26],"product_tag":[74,116,117,115],"class_list":{"0":"post-870","1":"product","2":"type-product","3":"status-publish","4":"has-post-thumbnail","6":"product_cat-aksessuaarid","7":"product_tag-hobe","8":"product_tag-kaheksa","9":"product_tag-kullatud","10":"product_tag-varkki-ehe","12":"first","13":"onbackorder","14":"sold-individually","15":"shipping-taxable","16":"purchasable","17":"product-type-simple"},"acf":[],"_links":{"self":[{"href":"https:\/\/varkki.com\/en\/wp-json\/wp\/v2\/product\/870"}],"collection":[{"href":"https:\/\/varkki.com\/en\/wp-json\/wp\/v2\/product"}],"about":[{"href":"https:\/\/varkki.com\/en\/wp-json\/wp\/v2\/types\/product"}],"replies":[{"embeddable":true,"href":"https:\/\/varkki.com\/en\/wp-json\/wp\/v2\/comments?post=870"}],"wp:featuredmedia":[{"embeddable":true,"href":"https:\/\/varkki.com\/en\/wp-json\/wp\/v2\/media\/871"}],"wp:attachment":[{"href":"https:\/\/varkki.com\/en\/wp-json\/wp\/v2\/media?parent=870"}],"wp:term":[{"taxonomy":"product_cat","embeddable":true,"href":"https:\/\/varkki.com\/en\/wp-json\/wp\/v2\/product_cat?post=870"},{"taxonomy":"product_tag","embeddable":true,"href":"https:\/\/varkki.com\/en\/wp-json\/wp\/v2\/product_tag?post=870"}],"curies":[{"name":"wp","href":"https:\/\/api.w.org\/{rel}","templated":true}]}}