{"id":866,"date":"2019-08-30T20:50:03","date_gmt":"2019-08-30T17:50:03","guid":{"rendered":"https:\/\/www.varkki.com\/?post_type=product&#038;p=866"},"modified":"2025-07-02T13:56:12","modified_gmt":"2025-07-02T10:56:12","slug":"korvarongad-kaheksa-oksudeeritud-hobe","status":"publish","type":"product","link":"https:\/\/varkki.com\/en\/toode\/korvarongad-kaheksa-oksudeeritud-hobe\/","title":{"rendered":"K\u00f5rvar\u00f5ngad Kaheksa \/ Oks\u00fcdeeritud h\u00f5be"},"content":{"rendered":"<p>Materjal: Oks\u00fcdeeritud h\u00f5be<\/p>\n<p>Kivid: Tsirkoonid<\/p>\n<p>K\u00f5rvar\u00f5ngad valmistatakse spetsiaalselt teile, seega palume teil arvestada, et tellimus saab valmis 10 p\u00e4eva jooksul.<\/p>\n<p>&nbsp;<\/p>\n<p>&nbsp;<\/p>\n","protected":false},"excerpt":{"rendered":"<p>Kaheksa &#8211; s\u00fcmboliseerides l\u00f5pmatust.<br \/>\nAjatu ilu.<\/p>\n<p>K\u00f5rvar\u00f5ngad, mis on loodud ehtedisainer Krista Lehari poolt spetsiaalselt VARKKI kollektsioonile.<\/p>\n","protected":false},"featured_media":867,"comment_status":"closed","ping_status":"closed","template":"","meta":{"_acf_changed":false},"product_cat":[26],"product_tag":[74,118,72,119],"class_list":{"0":"post-866","1":"product","2":"type-product","3":"status-publish","4":"has-post-thumbnail","6":"product_cat-aksessuaarid","7":"product_tag-hobe","8":"product_tag-kiviga","9":"product_tag-korvarongad","10":"product_tag-oksudeeritud","12":"first","13":"onbackorder","14":"sold-individually","15":"shipping-taxable","16":"purchasable","17":"product-type-simple"},"acf":[],"_links":{"self":[{"href":"https:\/\/varkki.com\/en\/wp-json\/wp\/v2\/product\/866"}],"collection":[{"href":"https:\/\/varkki.com\/en\/wp-json\/wp\/v2\/product"}],"about":[{"href":"https:\/\/varkki.com\/en\/wp-json\/wp\/v2\/types\/product"}],"replies":[{"embeddable":true,"href":"https:\/\/varkki.com\/en\/wp-json\/wp\/v2\/comments?post=866"}],"wp:featuredmedia":[{"embeddable":true,"href":"https:\/\/varkki.com\/en\/wp-json\/wp\/v2\/media\/867"}],"wp:attachment":[{"href":"https:\/\/varkki.com\/en\/wp-json\/wp\/v2\/media?parent=866"}],"wp:term":[{"taxonomy":"product_cat","embeddable":true,"href":"https:\/\/varkki.com\/en\/wp-json\/wp\/v2\/product_cat?post=866"},{"taxonomy":"product_tag","embeddable":true,"href":"https:\/\/varkki.com\/en\/wp-json\/wp\/v2\/product_tag?post=866"}],"curies":[{"name":"wp","href":"https:\/\/api.w.org\/{rel}","templated":true}]}}