{"id":37876,"date":"2021-10-22T10:10:53","date_gmt":"2021-10-22T07:10:53","guid":{"rendered":"https:\/\/www.varkki.com\/?post_type=product&#038;p=37876"},"modified":"2022-09-13T21:48:53","modified_gmt":"2022-09-13T18:48:53","slug":"kleit-andria-terrakota-oranz","status":"publish","type":"product","link":"https:\/\/varkki.com\/en\/toode\/kleit-andria-terrakota-oranz\/","title":{"rendered":"Kleit Andria \/ Terrakota oran\u017e"},"content":{"rendered":"<p>Modell on 172cm pikk ja kannab suurust S\/M.<\/p>\n<p>K\u00f5rgema kraega, p\u00e4rlmutter n\u00f6\u00f6pidega ja osalise tunnelv\u00f6\u00f6ga ning mugavate k\u00fcljetaskutega kleit igap\u00e4evaseks kandmiseks.<\/p>\n<p>Kangas: 87% viskoos\u00a0 13% pol\u00fcester<\/p>\n<p>Hooldus: K\u00e4sipesu<\/p>\n<p>&nbsp;<\/p>\n<p>&nbsp;<\/p>\n","protected":false},"excerpt":{"rendered":"<p>Pilkup\u00fc\u00fcdev v\u00e4rv!<\/p>\n","protected":false},"featured_media":37882,"comment_status":"closed","ping_status":"closed","template":"","meta":{"_acf_changed":false},"product_cat":[20],"product_tag":[142,156,68,295],"class_list":{"0":"post-37876","1":"product","2":"type-product","3":"status-publish","4":"has-post-thumbnail","6":"product_cat-kleidid","7":"product_tag-igapaev","8":"product_tag-mugav","9":"product_tag-oversize","10":"product_tag-pusakleit","12":"first","13":"outofstock","14":"shipping-taxable","15":"purchasable","16":"product-type-variable"},"acf":[],"_links":{"self":[{"href":"https:\/\/varkki.com\/en\/wp-json\/wp\/v2\/product\/37876"}],"collection":[{"href":"https:\/\/varkki.com\/en\/wp-json\/wp\/v2\/product"}],"about":[{"href":"https:\/\/varkki.com\/en\/wp-json\/wp\/v2\/types\/product"}],"replies":[{"embeddable":true,"href":"https:\/\/varkki.com\/en\/wp-json\/wp\/v2\/comments?post=37876"}],"wp:featuredmedia":[{"embeddable":true,"href":"https:\/\/varkki.com\/en\/wp-json\/wp\/v2\/media\/37882"}],"wp:attachment":[{"href":"https:\/\/varkki.com\/en\/wp-json\/wp\/v2\/media?parent=37876"}],"wp:term":[{"taxonomy":"product_cat","embeddable":true,"href":"https:\/\/varkki.com\/en\/wp-json\/wp\/v2\/product_cat?post=37876"},{"taxonomy":"product_tag","embeddable":true,"href":"https:\/\/varkki.com\/en\/wp-json\/wp\/v2\/product_tag?post=37876"}],"curies":[{"name":"wp","href":"https:\/\/api.w.org\/{rel}","templated":true}]}}