{"id":37693,"date":"2021-06-28T12:54:45","date_gmt":"2021-06-28T09:54:45","guid":{"rendered":"https:\/\/www.varkki.com\/?post_type=product&#038;p=37693"},"modified":"2024-03-18T20:11:08","modified_gmt":"2024-03-18T17:11:08","slug":"t-sark-zug-qr-kood-valge","status":"publish","type":"product","link":"https:\/\/varkki.com\/en\/toode\/t-sark-zug-qr-kood-valge\/","title":{"rendered":"T-s\u00e4rk Zug &#8220;QR kood&#8221; \/ Valge \/ Hall"},"content":{"rendered":"<p>Uus O-kaelusega unisex T-s\u00e4rk, tagant pikeneva seljaosaga. Modell on 183cm pikk ja kannab suurust L.<\/p>\n<p>Graafikaks on abstraktne QR kood, milles s\u00f5numid &#8220;On sul hetk aega et r\u00e4\u00e4kida&#8221; ja &#8220;Rutta aeglaselt&#8221;.<\/p>\n<p>Tr\u00fckiv\u00e4rv: hall<br \/>\nMaterjal: 100% orgaaniline puuvill<br \/>\nHooldus: 40c masinpesu<\/p>\n<p>Mudel on saadaval ka punase tr\u00fckiv\u00e4rviga.<\/p>\n","protected":false},"excerpt":{"rendered":"<p>Rutta aeglaselt&#8230;<\/p>\n","protected":false},"featured_media":37874,"comment_status":"closed","ping_status":"closed","template":"","meta":{"_acf_changed":false},"product_cat":[24],"product_tag":[65,160,90,156,197,107,78],"class_list":{"0":"post-37693","1":"product","2":"type-product","3":"status-publish","4":"has-post-thumbnail","6":"product_cat-t-sargid-pusad","7":"product_tag-graafika","8":"product_tag-jaana-varkki","9":"product_tag-moejoonistus","10":"product_tag-mugav","11":"product_tag-o-kaelus","12":"product_tag-orgaaniline-puuvill","13":"product_tag-roosa","15":"first","16":"instock","17":"shipping-taxable","18":"purchasable","19":"product-type-variable"},"acf":[],"_links":{"self":[{"href":"https:\/\/varkki.com\/en\/wp-json\/wp\/v2\/product\/37693"}],"collection":[{"href":"https:\/\/varkki.com\/en\/wp-json\/wp\/v2\/product"}],"about":[{"href":"https:\/\/varkki.com\/en\/wp-json\/wp\/v2\/types\/product"}],"replies":[{"embeddable":true,"href":"https:\/\/varkki.com\/en\/wp-json\/wp\/v2\/comments?post=37693"}],"wp:featuredmedia":[{"embeddable":true,"href":"https:\/\/varkki.com\/en\/wp-json\/wp\/v2\/media\/37874"}],"wp:attachment":[{"href":"https:\/\/varkki.com\/en\/wp-json\/wp\/v2\/media?parent=37693"}],"wp:term":[{"taxonomy":"product_cat","embeddable":true,"href":"https:\/\/varkki.com\/en\/wp-json\/wp\/v2\/product_cat?post=37693"},{"taxonomy":"product_tag","embeddable":true,"href":"https:\/\/varkki.com\/en\/wp-json\/wp\/v2\/product_tag?post=37693"}],"curies":[{"name":"wp","href":"https:\/\/api.w.org\/{rel}","templated":true}]}}