{"id":37617,"date":"2021-05-28T10:20:20","date_gmt":"2021-05-28T07:20:20","guid":{"rendered":"https:\/\/www.varkki.com\/?post_type=product&#038;p=37617"},"modified":"2022-09-15T15:02:16","modified_gmt":"2022-09-15T12:02:16","slug":"kleit-helsingi-sinine","status":"publish","type":"product","link":"https:\/\/varkki.com\/en\/toode\/kleit-helsingi-sinine\/","title":{"rendered":"Kleit Helsingi X \/ Helesinine"},"content":{"rendered":"<p>Suurus Onesize sobib S, M ja L suurus kandjatele.<\/p>\n<p>Koostis: 100 % Tencel<br \/>\nHooldus: K\u00e4sipesu<\/p>\n<p>Figuuris\u00f5bralik ja mugav kleit, millel on k\u00fclje\u00f5mblustesse lisatud taskud. V\u00f6\u00f6d saab kanda kahel erineval moel- tavap\u00e4raselt v\u00f5i selliselt, et seljaosa j\u00e4\u00e4b sirgeks ehk v\u00f6\u00f6 j\u00e4\u00e4b selja osas sisse poole (selleks on tehtud k\u00fclgedel v\u00f6\u00f6 joonel avad). Samuti sobib kanda ka v\u00f6\u00f6ta. Kleit on tehtud kehas\u00f5bralikust <em>tencel<\/em> kangast.<\/p>\n<p>Tagapasse osas on v\u00e4ikesed krooked, tagamaks hea istuvuse ja m\u00f5nusa avaruse.<\/p>\n<p>&nbsp;<\/p>\n","protected":false},"excerpt":{"rendered":"<p>Lihtsalt \u00fcks \u00e4ge kleit!<\/p>\n","protected":false},"featured_media":37621,"comment_status":"closed","ping_status":"closed","template":"","meta":{"_acf_changed":false},"product_cat":[20],"product_tag":[67,66,185,69,79,61,71,186,70,82],"class_list":{"0":"post-37617","1":"product","2":"type-product","3":"status-publish","4":"has-post-thumbnail","6":"product_cat-kleidid","7":"product_tag-avaraloikeline","8":"product_tag-kleit","9":"product_tag-lihtne","10":"product_tag-midi","11":"product_tag-minimalistlik","12":"product_tag-must","13":"product_tag-pika-varrukaga","14":"product_tag-sifoon","15":"product_tag-taskud","16":"product_tag-vooga","18":"first","19":"outofstock","20":"shipping-taxable","21":"purchasable","22":"product-type-variable"},"acf":[],"_links":{"self":[{"href":"https:\/\/varkki.com\/en\/wp-json\/wp\/v2\/product\/37617"}],"collection":[{"href":"https:\/\/varkki.com\/en\/wp-json\/wp\/v2\/product"}],"about":[{"href":"https:\/\/varkki.com\/en\/wp-json\/wp\/v2\/types\/product"}],"replies":[{"embeddable":true,"href":"https:\/\/varkki.com\/en\/wp-json\/wp\/v2\/comments?post=37617"}],"wp:featuredmedia":[{"embeddable":true,"href":"https:\/\/varkki.com\/en\/wp-json\/wp\/v2\/media\/37621"}],"wp:attachment":[{"href":"https:\/\/varkki.com\/en\/wp-json\/wp\/v2\/media?parent=37617"}],"wp:term":[{"taxonomy":"product_cat","embeddable":true,"href":"https:\/\/varkki.com\/en\/wp-json\/wp\/v2\/product_cat?post=37617"},{"taxonomy":"product_tag","embeddable":true,"href":"https:\/\/varkki.com\/en\/wp-json\/wp\/v2\/product_tag?post=37617"}],"curies":[{"name":"wp","href":"https:\/\/api.w.org\/{rel}","templated":true}]}}