{"id":32432,"date":"2020-09-10T11:16:51","date_gmt":"2020-09-10T08:16:51","guid":{"rendered":"https:\/\/www.varkki.com\/?post_type=product&#038;p=32432"},"modified":"2023-10-09T18:25:33","modified_gmt":"2023-10-09T15:25:33","slug":"pusakleit-portland-hall","status":"publish","type":"product","link":"https:\/\/varkki.com\/en\/toode\/pusakleit-portland-hall\/","title":{"rendered":"Pusakleit Portland \/ Hall"},"content":{"rendered":"<p>Modell on 172cm pikk ja kannab suurust S\/M.<\/p>\n<p>Kangas: 60% viskoos\u00a0 35% pol\u00fcamiid 5% elastaan<\/p>\n<p>Hooldus: K\u00e4sipesu v\u00f5i \u00f5rn masinpesu<\/p>\n<p>Antratsiithall v\u00e4rvi pusakleit, mis sobib kanda igal aastaajal.<\/p>\n<ul>\n<li>V\u00f6\u00f6 sidumisel eri v\u00f5imalused<\/li>\n<li>Mugavad k\u00fcljetaskud<\/li>\n<li>Astmeline all\u00e4\u00e4r<\/li>\n<\/ul>\n<p>&nbsp;<\/p>\n","protected":false},"excerpt":{"rendered":"<p>Stiilne igal aastaajal!<\/p>\n","protected":false},"featured_media":21723,"comment_status":"closed","ping_status":"closed","template":"","meta":{"_acf_changed":false},"product_cat":[20,24],"product_tag":[94,142,156,68,91,295],"class_list":{"0":"post-32432","1":"product","2":"type-product","3":"status-publish","4":"has-post-thumbnail","6":"product_cat-kleidid","7":"product_cat-t-sargid-pusad","8":"product_tag-hall","9":"product_tag-igapaev","10":"product_tag-mugav","11":"product_tag-oversize","12":"product_tag-pusa","13":"product_tag-pusakleit","15":"first","16":"instock","17":"shipping-taxable","18":"purchasable","19":"product-type-variable"},"acf":[],"_links":{"self":[{"href":"https:\/\/varkki.com\/en\/wp-json\/wp\/v2\/product\/32432"}],"collection":[{"href":"https:\/\/varkki.com\/en\/wp-json\/wp\/v2\/product"}],"about":[{"href":"https:\/\/varkki.com\/en\/wp-json\/wp\/v2\/types\/product"}],"replies":[{"embeddable":true,"href":"https:\/\/varkki.com\/en\/wp-json\/wp\/v2\/comments?post=32432"}],"wp:featuredmedia":[{"embeddable":true,"href":"https:\/\/varkki.com\/en\/wp-json\/wp\/v2\/media\/21723"}],"wp:attachment":[{"href":"https:\/\/varkki.com\/en\/wp-json\/wp\/v2\/media?parent=32432"}],"wp:term":[{"taxonomy":"product_cat","embeddable":true,"href":"https:\/\/varkki.com\/en\/wp-json\/wp\/v2\/product_cat?post=32432"},{"taxonomy":"product_tag","embeddable":true,"href":"https:\/\/varkki.com\/en\/wp-json\/wp\/v2\/product_tag?post=32432"}],"curies":[{"name":"wp","href":"https:\/\/api.w.org\/{rel}","templated":true}]}}