{"id":22076,"date":"2020-06-12T08:38:34","date_gmt":"2020-06-12T05:38:34","guid":{"rendered":"https:\/\/www.varkki.com\/?post_type=product&#038;p=22076"},"modified":"2022-09-09T19:16:29","modified_gmt":"2022-09-09T16:16:29","slug":"pusa-baltimore-kollane","status":"publish","type":"product","link":"https:\/\/varkki.com\/en\/toode\/pusa-baltimore-kollane\/","title":{"rendered":"Pusa Baltimore X \/ Kollane"},"content":{"rendered":"<p>Modell on 172cm pikk ja kannab suurust S\/M.<\/p>\n<p>Kangas: 95% viskoos\u00a0 5% elastaan<\/p>\n<p>Hooldus: K\u00e4sipesu v\u00f5i \u00f5rn masinpesu<\/p>\n<p>Pehmest kangast mugav pusalik pluus, mugav toode igal aastaajal.<\/p>\n<p>Varruka peal on tr\u00fckk &#8220;Do you have a moment to talk&#8230;&#8221;.<\/p>\n","protected":false},"excerpt":{"rendered":"<p>P\u00e4eva p\u00e4ike!<\/p>\n","protected":false},"featured_media":21736,"comment_status":"closed","ping_status":"closed","template":"","meta":{"_acf_changed":false},"product_cat":[23,24],"product_tag":[194,94,142,156,193,68,91,64],"class_list":{"0":"post-22076","1":"product","2":"type-product","3":"status-publish","4":"has-post-thumbnail","6":"product_cat-pluusid","7":"product_cat-t-sargid-pusad","8":"product_tag-et-raakida","9":"product_tag-hall","10":"product_tag-igapaev","11":"product_tag-mugav","12":"product_tag-on-sul-hetk-aega","13":"product_tag-oversize","14":"product_tag-pusa","15":"product_tag-trukk","17":"first","18":"outofstock","19":"shipping-taxable","20":"purchasable","21":"product-type-variable"},"acf":[],"_links":{"self":[{"href":"https:\/\/varkki.com\/en\/wp-json\/wp\/v2\/product\/22076"}],"collection":[{"href":"https:\/\/varkki.com\/en\/wp-json\/wp\/v2\/product"}],"about":[{"href":"https:\/\/varkki.com\/en\/wp-json\/wp\/v2\/types\/product"}],"replies":[{"embeddable":true,"href":"https:\/\/varkki.com\/en\/wp-json\/wp\/v2\/comments?post=22076"}],"wp:featuredmedia":[{"embeddable":true,"href":"https:\/\/varkki.com\/en\/wp-json\/wp\/v2\/media\/21736"}],"wp:attachment":[{"href":"https:\/\/varkki.com\/en\/wp-json\/wp\/v2\/media?parent=22076"}],"wp:term":[{"taxonomy":"product_cat","embeddable":true,"href":"https:\/\/varkki.com\/en\/wp-json\/wp\/v2\/product_cat?post=22076"},{"taxonomy":"product_tag","embeddable":true,"href":"https:\/\/varkki.com\/en\/wp-json\/wp\/v2\/product_tag?post=22076"}],"curies":[{"name":"wp","href":"https:\/\/api.w.org\/{rel}","templated":true}]}}